{"id":1824,"date":"2024-03-14T10:51:35","date_gmt":"2024-03-14T09:51:35","guid":{"rendered":"https:\/\/wildpark.nu\/?page_id=1824"},"modified":"2024-03-15T11:56:50","modified_gmt":"2024-03-15T10:56:50","slug":"ik-versta-je-niet-je-ne-te-comprends-pas-i-dont-understand-you-7","status":"publish","type":"page","link":"https:\/\/wildpark.nu\/en\/voorstellingen\/ik-versta-je-niet-je-ne-te-comprends-pas-i-dont-understand-you-7\/","title":{"rendered":"I DON&#039;T UNDERSTAND YOU \/ JE NE TE COMPRENDS PAS \/ I DON&#039;T UNDERSTAND YOU (7+)"},"content":{"rendered":"<p>[et_pb_section fb_built=&#8221;1&#8243; fullwidth=&#8221;on&#8221; admin_label=&#8221;Full Width Foto Slider&#8221; _builder_version=&#8221;4.20.0&#8243; _module_preset=&#8221;default&#8221; locked=&#8221;off&#8221; global_colors_info=&#8221;{}&#8221;][et_pb_fullwidth_slider show_arrows=&#8221;off&#8221; show_pagination=&#8221;off&#8221; arrows_custom_color=&#8221;#feec30&#8243; dot_nav_custom_color=&#8221;#ff664d&#8221; _builder_version=&#8221;4.24.2&#8243; _module_preset=&#8221;default&#8221; background_color=&#8221;#FFFFFF&#8221; height=&#8221;100vh&#8221; height_tablet=&#8221;100vh&#8221; height_phone=&#8221;60vh&#8221; height_last_edited=&#8221;on|tablet&#8221; custom_margin=&#8221;||||false|false&#8221; custom_margin_tablet=&#8221;||||false|false&#8221; custom_margin_phone=&#8221;||||false|false&#8221; custom_margin_last_edited=&#8221;on|desktop&#8221; custom_padding=&#8221;||||false|false&#8221; custom_padding_tablet=&#8221;||||false|false&#8221; custom_padding_phone=&#8221;||||false|false&#8221; custom_padding_last_edited=&#8221;on|desktop&#8221; hover_enabled=&#8221;0&#8243; global_colors_info=&#8221;{}&#8221; sticky_enabled=&#8221;0&#8243;][et_pb_slide heading=&#8221;IK VERSTA JE NIET \/JE NE TE COMPRENDS PAS \/ I DON\u2019T UNDERSTAND YOU (7+)&#8221; heading_tablet=&#8221;IK VERSTA JE NIET \/JE NE TE COMPRENDS PAS \/ I DON\u2019T UNDERSTAND YOU (7+)&#8221; heading_phone=&#8221;IK VERSTA JE NIET \/JE NE TE COMPRENDS PAS \/ I DON\u2019T UNDERSTAND YOU (7+)&#8221; heading_last_edited=&#8221;on|phone&#8221; _builder_version=&#8221;4.24.2&#8243; _module_preset=&#8221;default&#8221; header_level=&#8221;h2&#8243; header_font_size=&#8221;60px&#8221; background_enable_color=&#8221;off&#8221; background_image=&#8221;https:\/\/wildpark.nu\/wp-content\/uploads\/2024\/03\/Ik-Versta-Je-Niet-V1.jpg&#8221; background_enable_image=&#8221;on&#8221; hover_enabled=&#8221;0&#8243; header_font_size_tablet=&#8221;80px&#8221; header_font_size_phone=&#8221;40px&#8221; header_font_size_last_edited=&#8221;on|tablet&#8221; background_last_edited=&#8221;on|phone&#8221; background_image_tablet=&#8221;https:\/\/wildpark.nu\/wp-content\/uploads\/2024\/03\/Ik-Versta-Je-Niet-V1.jpg&#8221; background_image_phone=&#8221;https:\/\/wildpark.nu\/wp-content\/uploads\/2024\/03\/Ik-Versta-Je-Niet-V1.jpg&#8221; background_enable_image_tablet=&#8221;on&#8221; background_enable_image_phone=&#8221;on&#8221; global_colors_info=&#8221;{}&#8221; sticky_transition=&#8221;on&#8221; title_text=&#8221;Ik Versta Je Niet V1&#8243; sticky_enabled=&#8221;0&#8243;][\/et_pb_slide][\/et_pb_fullwidth_slider][\/et_pb_section][et_pb_section fb_built=&#8221;1&#8243; custom_padding_last_edited=&#8221;off|phone&#8221; admin_label=&#8221;Header&#8221; module_id=&#8221;info&#8221; _builder_version=&#8221;4.24.2&#8243; background_color=&#8221;#000000&#8243; background_enable_image=&#8221;off&#8221; custom_padding=&#8221;2vw||2vw||true|false&#8221; hover_enabled=&#8221;0&#8243; locked=&#8221;off&#8221; global_colors_info=&#8221;{}&#8221; sticky_enabled=&#8221;0&#8243;][et_pb_row _builder_version=&#8221;4.20.0&#8243; _module_preset=&#8221;default&#8221; animation_style=&#8221;flip&#8221; animation_delay=&#8221;100ms&#8221; global_colors_info=&#8221;{}&#8221;][et_pb_column type=&#8221;4_4&#8243; _builder_version=&#8221;4.20.0&#8243; _module_preset=&#8221;default&#8221; global_colors_info=&#8221;{}&#8221;][et_pb_text _builder_version=&#8221;4.24.2&#8243; text_font=&#8221;||||||||&#8221; text_text_color=&#8221;#FFFFFF&#8221; text_font_size=&#8221;20px&#8221; text_line_height=&#8221;1.8em&#8221; header_font=&#8221;Montserrat|300||on|||||&#8221; header_text_color=&#8221;#FFFFFF&#8221; header_font_size=&#8221;6vw&#8221; header_line_height=&#8221;1.2em&#8221; header_2_text_color=&#8221;#000000&#8243; header_2_line_height=&#8221;1.4em&#8221; header_3_font=&#8221;Montserrat|700||on|||||&#8221; header_3_text_color=&#8221;#f9002b&#8221; header_3_font_size=&#8221;16px&#8221; header_3_letter_spacing=&#8221;2px&#8221; header_3_line_height=&#8221;1.4em&#8221; background_layout=&#8221;dark&#8221; animation_style=&#8221;slide&#8221; animation_direction=&#8221;left&#8221; animation_delay=&#8221;150ms&#8221; animation_intensity_slide=&#8221;40%&#8221; hover_enabled=&#8221;0&#8243; header_3_font_size_tablet=&#8221;14px&#8221; header_3_font_size_phone=&#8221;&#8221; header_3_font_size_last_edited=&#8221;on|phone&#8221; text_text_align=&#8221;left&#8221; locked=&#8221;off&#8221; global_colors_info=&#8221;{}&#8221; text_orientation=&#8221;center&#8221; sticky_enabled=&#8221;0&#8243;]<\/p>\n<p><em>Ik versta je niet\u00a0\/ je ne te comprends pas \/ i don\u2019t understand you<\/em>\u00a0is een meertalige, autobiografische voorstelling.\u00a0Over heimwee. Over afscheid, vriendschap, je thuis voelen en dat altijd alles verandert.<\/p>\n<p>Lotte verhuist samen met haar zus en ouders van Nederland naar Frankrijk.<br \/>Lotte<br \/>\u2018Wat ik mis?\u00a0Mijn vrienden, familie, mijn boterham met kaas, hagelslag, lange mensen, huiswerkloze dagen, uniform loos zijn, fietsen in de regen, ja zelfs het koude, natte weer. Ja, dat hebben ze hier allemaal niet h\u00e9.. \u2018<\/p>\n<p>&#8212;<\/p>\n<p><em>Ik versta je niet\u00a0\/ je ne te comprends pas \/ i don\u2019t understand you<\/em>\u00a0is a multi-lingual\u00a0autobiographical\u00a0play. About missing home. About saying goodbye, friendship, feeling you belong and that everything \u00a0is always changing.<\/p>\n<p>Lotte is moving with her Parents and sister from The Netherlands to France.<br \/>Lotte<br \/><em>\u2018What do I miss?\u00a0My friends, my family, my Cheese Sandwiches, chocolate Sprinkles, tall people, days with no homework, no uniforms, riding my bike in the rain, yes even cold wheather. They don\u2019t have all of these things here..\u2019<\/em><\/p>\n<p>&#8212;<\/p>\n<p><em>Ik versta je niet\u00a0\/ je ne te comprends pas \/ i don\u2019t understand you<\/em>\u00a0est une performance multilingue autobiographique. \u00c0 propos du mal du pays.\u00a0 \u00c0 propos des s\u00e9parations et des au revoir, de l\u2019amiti\u00e9, du sentiment de se sentir chez soi et de d\u00e9couvrir que tout change toujours.<\/p>\n<p>Lotte d\u00e9m\u00e9nage avec ses parents et sa s\u0153ur des Pays-Bas vers la France.<br \/>Lotte<br \/>\u2018<em>qu\u2019est-ce qu\u2019il me manque?\u00a0Mes amis, ma famille, mes sandwiches au fromage, mon chocolat \u00ab\u00a0Sprinkles\u00a0\u00bb, des gens tr\u00e8s grands, des journ\u00e9es sans devoirs, pas d\u2019uniformes, faire du v\u00e9lo sous la pluie, oui m\u00eame le froid. Ils n\u2019ont pas toutes choses ici\u2026\u2019<\/em><\/p>\n<p>[\/et_pb_text][\/et_pb_column][\/et_pb_row][\/et_pb_section][et_pb_section fb_built=&#8221;1&#8243; fullwidth=&#8221;on&#8221; disabled_on=&#8221;off|off|off&#8221; admin_label=&#8221;Full Width Foto Slider&#8221; module_id=&#8221;foto&#8221; _builder_version=&#8221;4.24.2&#8243; _module_preset=&#8221;default&#8221; hover_enabled=&#8221;0&#8243; locked=&#8221;off&#8221; global_colors_info=&#8221;{}&#8221; sticky_enabled=&#8221;0&#8243;][et_pb_fullwidth_slider arrows_custom_color=&#8221;#feec30&#8243; dot_nav_custom_color=&#8221;#feec30&#8243; _builder_version=&#8221;4.24.2&#8243; _module_preset=&#8221;default&#8221; background_color=&#8221;#FFFFFF&#8221; height=&#8221;1080px&#8221; height_tablet=&#8221;800px&#8221; height_phone=&#8221;400px&#8221; height_last_edited=&#8221;on|tablet&#8221; auto=&#8221;on&#8221; hover_enabled=&#8221;0&#8243; global_colors_info=&#8221;{}&#8221; sticky_enabled=&#8221;0&#8243;][et_pb_slide _builder_version=&#8221;4.24.2&#8243; _module_preset=&#8221;default&#8221; background_enable_color=&#8221;off&#8221; background_image=&#8221;https:\/\/wildpark.nu\/wp-content\/uploads\/2024\/03\/Ik-Versta-Je-Niet-V2.jpg&#8221; background_enable_image=&#8221;on&#8221; hover_enabled=&#8221;0&#8243; global_colors_info=&#8221;{}&#8221; sticky_transition=&#8221;on&#8221; title_text=&#8221;Ik Versta Je Niet V2&#8243; sticky_enabled=&#8221;0&#8243;][\/et_pb_slide][et_pb_slide _builder_version=&#8221;4.24.2&#8243; _module_preset=&#8221;default&#8221; background_enable_color=&#8221;off&#8221; background_image=&#8221;https:\/\/wildpark.nu\/wp-content\/uploads\/2024\/03\/Ik-Versta-Je-Niet-V1.jpg&#8221; background_enable_image=&#8221;on&#8221; hover_enabled=&#8221;0&#8243; global_colors_info=&#8221;{}&#8221; sticky_transition=&#8221;on&#8221; title_text=&#8221;Ik Versta Je Niet V1&#8243; sticky_enabled=&#8221;0&#8243;][\/et_pb_slide][et_pb_slide _builder_version=&#8221;4.24.2&#8243; _module_preset=&#8221;default&#8221; background_enable_color=&#8221;off&#8221; background_image=&#8221;https:\/\/wildpark.nu\/wp-content\/uploads\/2024\/03\/Ik-Versta-Je-Niet-V3.jpg&#8221; background_enable_image=&#8221;on&#8221; hover_enabled=&#8221;0&#8243; global_colors_info=&#8221;{}&#8221; sticky_transition=&#8221;on&#8221; title_text=&#8221;Ik Versta Je Niet V3&#8243; sticky_enabled=&#8221;0&#8243;][\/et_pb_slide][et_pb_slide _builder_version=&#8221;4.24.2&#8243; _module_preset=&#8221;default&#8221; background_enable_color=&#8221;off&#8221; background_image=&#8221;https:\/\/wildpark.nu\/wp-content\/uploads\/2024\/03\/Ik-Versta-Je-Niet-V4.jpg&#8221; background_enable_image=&#8221;on&#8221; hover_enabled=&#8221;0&#8243; global_colors_info=&#8221;{}&#8221; sticky_transition=&#8221;on&#8221; title_text=&#8221;Ik Versta Je Niet V4&#8243; sticky_enabled=&#8221;0&#8243;][\/et_pb_slide][\/et_pb_fullwidth_slider][\/et_pb_section][et_pb_section fb_built=&#8221;1&#8243; custom_padding_last_edited=&#8221;off|phone&#8221; disabled_on=&#8221;on|on|on&#8221; admin_label=&#8221;Header&#8221; module_id=&#8221;recensies&#8221; _builder_version=&#8221;4.24.2&#8243; background_color=&#8221;#FFFFFF&#8221; background_enable_image=&#8221;off&#8221; custom_padding=&#8221;5vw||5vw||true|false&#8221; top_divider_style=&#8221;slant&#8221; top_divider_color=&#8221;#000000&#8243; bottom_divider_style=&#8221;slant&#8221; bottom_divider_color=&#8221;#000000&#8243; disabled=&#8221;on&#8221; locked=&#8221;off&#8221; global_colors_info=&#8221;{}&#8221;][et_pb_row custom_padding_last_edited=&#8221;on|phone&#8221; _builder_version=&#8221;4.20.0&#8243; max_width=&#8221;100%&#8221; custom_padding_tablet=&#8221;&#8221; custom_padding_phone=&#8221;8vh||8vh||true|false&#8221; global_colors_info=&#8221;{}&#8221;][et_pb_column type=&#8221;4_4&#8243; _builder_version=&#8221;4.16&#8243; global_colors_info=&#8221;{}&#8221;][et_pb_text _builder_version=&#8221;4.23&#8243; text_text_color=&#8221;rgba(255,255,255,0.5)&#8221; text_font_size=&#8221;16px&#8221; text_line_height=&#8221;1.8em&#8221; header_font=&#8221;|||on|||||&#8221; header_text_color=&#8221;#000000&#8243; header_font_size=&#8221;6vw&#8221; header_line_height=&#8221;1.2em&#8221; header_2_text_color=&#8221;#000000&#8243; header_2_line_height=&#8221;1.4em&#8221; header_3_font=&#8221;Montserrat|700||on|||||&#8221; header_3_text_color=&#8221;#f9002b&#8221; header_3_font_size=&#8221;16px&#8221; header_3_letter_spacing=&#8221;2px&#8221; header_3_line_height=&#8221;1.4em&#8221; background_layout=&#8221;dark&#8221; custom_margin=&#8221;||0px||false|false&#8221; animation_style=&#8221;flip&#8221; animation_intensity_flip=&#8221;25%&#8221; header_font_size_tablet=&#8221;8em&#8221; header_font_size_phone=&#8221;5em&#8221; header_font_size_last_edited=&#8221;on|tablet&#8221; header_3_font_size_tablet=&#8221;14px&#8221; header_3_font_size_phone=&#8221;&#8221; header_3_font_size_last_edited=&#8221;on|phone&#8221; text_text_align=&#8221;left&#8221; locked=&#8221;off&#8221; global_colors_info=&#8221;{}&#8221;]<\/p>\n<h2 style=\"text-align: center;\">Recensies<\/h2>\n<p>[\/et_pb_text][et_pb_divider color=&#8221;#feec30&#8243; divider_weight=&#8221;4px&#8221; _builder_version=&#8221;4.23&#8243; _module_preset=&#8221;default&#8221; width=&#8221;25%&#8221; module_alignment=&#8221;center&#8221; custom_margin=&#8221;5px||5px||true|false&#8221; custom_padding=&#8221;0px||0px||true|false&#8221; locked=&#8221;off&#8221; global_colors_info=&#8221;{}&#8221;][\/et_pb_divider][et_pb_text _builder_version=&#8221;4.20.0&#8243; text_font=&#8221;||||||||&#8221; text_text_color=&#8221;#000000&#8243; text_font_size=&#8221;20px&#8221; text_line_height=&#8221;1.8em&#8221; header_font=&#8221;Montserrat|300||on|||||&#8221; header_font_size=&#8221;6vw&#8221; header_line_height=&#8221;1.2em&#8221; header_2_text_color=&#8221;#000000&#8243; header_2_line_height=&#8221;1.4em&#8221; header_3_font=&#8221;Montserrat|700||on|||||&#8221; header_3_text_color=&#8221;#f9002b&#8221; header_3_font_size=&#8221;16px&#8221; header_3_letter_spacing=&#8221;2px&#8221; header_3_line_height=&#8221;1.4em&#8221; header_4_font=&#8221;||||||||&#8221; header_4_text_color=&#8221;#000000&#8243; header_4_font_size=&#8221;30px&#8221; header_4_letter_spacing=&#8221;1px&#8221; header_4_line_height=&#8221;1.4em&#8221; background_layout=&#8221;dark&#8221; animation_style=&#8221;slide&#8221; animation_direction=&#8221;left&#8221; animation_delay=&#8221;150ms&#8221; animation_intensity_slide=&#8221;40%&#8221; header_3_font_size_tablet=&#8221;14px&#8221; header_3_font_size_phone=&#8221;&#8221; header_3_font_size_last_edited=&#8221;on|phone&#8221; text_text_align=&#8221;left&#8221; locked=&#8221;off&#8221; global_colors_info=&#8221;{}&#8221;]<\/p>\n<h4 style=\"text-align: center;\"><em>\u201cPuntig en met een ijzersterke timing, waarbij het lachen om dat meisje subtiel plaats maakt voor meeleven en voelen; alsof je zelf Anne best geworden. \u2018Anne\u2019 is jeugdtheater zoals je het als kind, jongere en volwassene graag ziet omdat je met meer bagage naar huis gaat.\u201d<\/em><\/h4>\n<p style=\"text-align: center;\">&#8211; <em>AD over Anne, over Anne, 10 jaar, wil graag opgehaald worden<\/em><\/p>\n<p>[\/et_pb_text][\/et_pb_column][\/et_pb_row][\/et_pb_section][et_pb_section fb_built=&#8221;1&#8243; custom_padding_last_edited=&#8221;off|phone&#8221; admin_label=&#8221;Header&#8221; module_id=&#8221;credits&#8221; _builder_version=&#8221;4.23&#8243; background_color=&#8221;#FFFFFF&#8221; background_enable_image=&#8221;off&#8221; custom_padding=&#8221;5vw||5vw||true|false&#8221; top_divider_style=&#8221;slant&#8221; top_divider_color=&#8221;#000000&#8243; bottom_divider_style=&#8221;slant&#8221; bottom_divider_color=&#8221;#000000&#8243; bottom_divider_flip=&#8221;horizontal&#8221; locked=&#8221;off&#8221; global_colors_info=&#8221;{}&#8221;][et_pb_row custom_padding_last_edited=&#8221;on|phone&#8221; _builder_version=&#8221;4.20.0&#8243; max_width=&#8221;100%&#8221; custom_padding_tablet=&#8221;&#8221; custom_padding_phone=&#8221;8vh||8vh||true|false&#8221; global_colors_info=&#8221;{}&#8221;][et_pb_column type=&#8221;4_4&#8243; _builder_version=&#8221;4.16&#8243; global_colors_info=&#8221;{}&#8221;][et_pb_text _builder_version=&#8221;4.23&#8243; text_text_color=&#8221;rgba(255,255,255,0.5)&#8221; text_font_size=&#8221;16px&#8221; text_line_height=&#8221;1.8em&#8221; header_font=&#8221;|||on|||||&#8221; header_text_color=&#8221;#000000&#8243; header_font_size=&#8221;6vw&#8221; header_line_height=&#8221;1.2em&#8221; header_2_text_color=&#8221;#000000&#8243; header_2_line_height=&#8221;1.4em&#8221; header_3_font=&#8221;Montserrat|700||on|||||&#8221; header_3_text_color=&#8221;#f9002b&#8221; header_3_font_size=&#8221;16px&#8221; header_3_letter_spacing=&#8221;2px&#8221; header_3_line_height=&#8221;1.4em&#8221; background_layout=&#8221;dark&#8221; custom_margin=&#8221;||0px||false|false&#8221; animation_style=&#8221;flip&#8221; animation_intensity_flip=&#8221;25%&#8221; header_font_size_tablet=&#8221;8em&#8221; header_font_size_phone=&#8221;5em&#8221; header_font_size_last_edited=&#8221;on|tablet&#8221; header_3_font_size_tablet=&#8221;14px&#8221; header_3_font_size_phone=&#8221;&#8221; header_3_font_size_last_edited=&#8221;on|phone&#8221; text_text_align=&#8221;left&#8221; locked=&#8221;off&#8221; global_colors_info=&#8221;{}&#8221;]<\/p>\n<h2 style=\"text-align: center;\">Credits<\/h2>\n<p>[\/et_pb_text][et_pb_divider color=&#8221;#feec30&#8243; divider_weight=&#8221;4px&#8221; _builder_version=&#8221;4.23&#8243; _module_preset=&#8221;default&#8221; width=&#8221;25%&#8221; module_alignment=&#8221;center&#8221; custom_margin=&#8221;5px||5px||true|false&#8221; custom_padding=&#8221;0px||0px||true|false&#8221; locked=&#8221;off&#8221; global_colors_info=&#8221;{}&#8221;][\/et_pb_divider][et_pb_text _builder_version=&#8221;4.24.2&#8243; text_font=&#8221;|||on|||||&#8221; text_text_color=&#8221;#000000&#8243; text_font_size=&#8221;20px&#8221; text_line_height=&#8221;1.8em&#8221; header_font=&#8221;Montserrat|300||on|||||&#8221; header_font_size=&#8221;6vw&#8221; header_line_height=&#8221;1.2em&#8221; header_2_text_color=&#8221;#000000&#8243; header_2_line_height=&#8221;1.4em&#8221; header_3_font=&#8221;Montserrat|700||on|||||&#8221; header_3_text_color=&#8221;#f9002b&#8221; header_3_font_size=&#8221;16px&#8221; header_3_letter_spacing=&#8221;2px&#8221; header_3_line_height=&#8221;1.4em&#8221; background_layout=&#8221;dark&#8221; animation_style=&#8221;slide&#8221; animation_direction=&#8221;left&#8221; animation_delay=&#8221;150ms&#8221; animation_intensity_slide=&#8221;40%&#8221; header_3_font_size_tablet=&#8221;14px&#8221; header_3_font_size_phone=&#8221;&#8221; header_3_font_size_last_edited=&#8221;on|phone&#8221; text_text_align=&#8221;left&#8221; locked=&#8221;off&#8221; global_colors_info=&#8221;{}&#8221;]<\/p>\n<p style=\"text-align: center;\">concept en regie \/\/ Imme Steinmann<br \/>spel \/\/ Gerrit Dragt, SANNE NAGTZAAM, nina van schalen, lilly reuver<br \/>dramaturgie \/\/ anke boerstra<br \/>advies \/\/ annemiek nienhuis<br \/>trailer \/\/ mohamed ardan met dank aan: de kinderen van de internationale school eindhoven<\/p>\n<p>[\/et_pb_text][\/et_pb_column][\/et_pb_row][\/et_pb_section]<\/p>\n","protected":false},"excerpt":{"rendered":"<p>Ik versta je niet\u00a0\/ je ne te comprends pas \/ i don\u2019t understand you\u00a0is een meertalige, autobiografische voorstelling.\u00a0Over heimwee. Over afscheid, vriendschap, je thuis voelen en dat altijd alles verandert. Lotte verhuist samen met haar zus en ouders van Nederland naar Frankrijk.Lotte\u2018Wat ik mis?\u00a0Mijn vrienden, familie, mijn boterham met kaas, hagelslag, lange mensen, huiswerkloze dagen, uniform loos zijn, fietsen in de regen, ja zelfs het koude, natte weer. Ja, dat hebben ze hier allemaal niet h\u00e9.. \u2018 &#8212; Ik versta je niet\u00a0\/ je ne te comprends pas \/ i don\u2019t understand you\u00a0is a multi-lingual\u00a0autobiographical\u00a0play. About missing home. About saying goodbye, friendship, feeling you belong and that everything \u00a0is always changing. Lotte is moving with her Parents and sister from The Netherlands to France.Lotte\u2018What do I miss?\u00a0My friends, my family, my Cheese Sandwiches, chocolate Sprinkles, tall people, days with no homework, no uniforms, riding my bike in the rain, yes even cold wheather. They don\u2019t have all of these things here..\u2019 &#8212; Ik versta je niet\u00a0\/ je ne te comprends pas \/ i don\u2019t understand you\u00a0est une performance multilingue autobiographique. \u00c0 propos du mal du pays.\u00a0 \u00c0 propos des s\u00e9parations et des au revoir, de l\u2019amiti\u00e9, du sentiment de se sentir [&hellip;]<\/p>\n","protected":false},"author":1,"featured_media":0,"parent":30,"menu_order":0,"comment_status":"closed","ping_status":"closed","template":"","meta":{"_et_pb_use_builder":"on","_et_pb_old_content":"","_et_gb_content_width":"","footnotes":""},"class_list":["post-1824","page","type-page","status-publish","hentry"],"_links":{"self":[{"href":"https:\/\/wildpark.nu\/en\/wp-json\/wp\/v2\/pages\/1824","targetHints":{"allow":["GET"]}}],"collection":[{"href":"https:\/\/wildpark.nu\/en\/wp-json\/wp\/v2\/pages"}],"about":[{"href":"https:\/\/wildpark.nu\/en\/wp-json\/wp\/v2\/types\/page"}],"author":[{"embeddable":true,"href":"https:\/\/wildpark.nu\/en\/wp-json\/wp\/v2\/users\/1"}],"replies":[{"embeddable":true,"href":"https:\/\/wildpark.nu\/en\/wp-json\/wp\/v2\/comments?post=1824"}],"version-history":[{"count":3,"href":"https:\/\/wildpark.nu\/en\/wp-json\/wp\/v2\/pages\/1824\/revisions"}],"predecessor-version":[{"id":1847,"href":"https:\/\/wildpark.nu\/en\/wp-json\/wp\/v2\/pages\/1824\/revisions\/1847"}],"up":[{"embeddable":true,"href":"https:\/\/wildpark.nu\/en\/wp-json\/wp\/v2\/pages\/30"}],"wp:attachment":[{"href":"https:\/\/wildpark.nu\/en\/wp-json\/wp\/v2\/media?parent=1824"}],"curies":[{"name":"wp","href":"https:\/\/api.w.org\/{rel}","templated":true}]}}